{"id":2746,"date":"2024-01-22T12:00:59","date_gmt":"2024-01-22T10:00:59","guid":{"rendered":"https:\/\/trepid.ee\/hittad-pa\/"},"modified":"2025-03-17T10:13:42","modified_gmt":"2025-03-17T08:13:42","slug":"hittad-pa","status":"publish","type":"page","link":"https:\/\/trepid.ee\/sv\/hittad-pa\/","title":{"rendered":"Hittad p\u00e5"},"content":{"rendered":"\t\t<div data-elementor-type=\"wp-post\" data-elementor-id=\"2746\" class=\"elementor elementor-2746 elementor-1361\">\n\t\t\t\t<div class=\"elementor-element elementor-element-8ada502 e-flex e-con-boxed e-con e-parent\" data-id=\"8ada502\" data-element_type=\"container\" data-settings=\"{&quot;background_background&quot;:&quot;classic&quot;}\">\n\t\t\t\t\t<div class=\"e-con-inner\">\n\t\t\t\t<div class=\"elementor-element elementor-element-91b78a1 elementor-widget elementor-widget-heading\" data-id=\"91b78a1\" data-element_type=\"widget\" data-widget_type=\"heading.default\">\n\t\t\t\t\t<h1 class=\"elementor-heading-title elementor-size-default\">Hittad p\u00e5<\/h1>\t\t\t\t<\/div>\n\t\t\t\t\t<\/div>\n\t\t\t\t<\/div>\n\t\t<div class=\"elementor-element elementor-element-2d8ea62 e-flex e-con-boxed e-con e-parent\" data-id=\"2d8ea62\" data-element_type=\"container\">\n\t\t\t\t\t<div class=\"e-con-inner\">\n\t\t\t\t<div class=\"elementor-element elementor-element-dd8427a elementor-widget elementor-widget-text-editor\" data-id=\"dd8427a\" data-element_type=\"widget\" data-widget_type=\"text-editor.default\">\n\t\t\t\t\t\t\t\t\t<p><span style=\"font-weight: 400;\">Trappor med den angivna formen och dimensionerna finns tillg\u00e4ngliga i lager.<\/span><\/p>\t\t\t\t\t\t\t\t<\/div>\n\t\t<div class=\"elementor-element elementor-element-b348a08 e-flex e-con-boxed e-con e-child\" data-id=\"b348a08\" data-element_type=\"container\">\n\t\t\t\t\t<div class=\"e-con-inner\">\n\t\t<div class=\"elementor-element elementor-element-116b135 e-flex e-con-boxed e-con e-child\" data-id=\"116b135\" data-element_type=\"container\">\n\t\t\t\t\t<div class=\"e-con-inner\">\n\t\t\t\t<div class=\"elementor-element elementor-element-40b9936 elementor-widget elementor-widget-image\" data-id=\"40b9936\" data-element_type=\"widget\" data-widget_type=\"image.default\">\n\t\t\t\t\t\t\t\t\t\t\t\t\t\t\t<img fetchpriority=\"high\" decoding=\"async\" width=\"1024\" height=\"602\" src=\"https:\/\/trepid.ee\/wp-content\/uploads\/2024\/01\/Box5-1024x602.jpg\" class=\"attachment-large size-large wp-image-2665\" alt=\"\" srcset=\"https:\/\/trepid.ee\/wp-content\/uploads\/2024\/01\/Box5-1024x602.jpg 1024w, https:\/\/trepid.ee\/wp-content\/uploads\/2024\/01\/Box5-300x176.jpg 300w, https:\/\/trepid.ee\/wp-content\/uploads\/2024\/01\/Box5-768x452.jpg 768w, https:\/\/trepid.ee\/wp-content\/uploads\/2024\/01\/Box5-1536x903.jpg 1536w, https:\/\/trepid.ee\/wp-content\/uploads\/2024\/01\/Box5.jpg 1600w\" sizes=\"(max-width: 1024px) 100vw, 1024px\" \/>\t\t\t\t\t\t\t\t\t\t\t\t\t\t\t<\/div>\n\t\t\t\t<div class=\"elementor-element elementor-element-73c34b5 elementor-widget elementor-widget-text-editor\" data-id=\"73c34b5\" data-element_type=\"widget\" data-widget_type=\"text-editor.default\">\n\t\t\t\t\t\t\t\t\t<a href=\"https:\/\/trepid.ee\/wp-content\/uploads\/2024\/01\/Box5-Hinnapakkumine-EESTI_Leiunurka-2.pdf\" class=\"pdfemb-viewer\" style=\"\" data-width=\"max\" data-height=\"max\" data-toolbar=\"bottom\" data-toolbar-fixed=\"off\">Box5-Quote EESTI_Leiunurka<\/a>\t\t\t\t\t\t\t\t<\/div>\n\t\t\t\t\t<\/div>\n\t\t\t\t<\/div>\n\t\t<div class=\"elementor-element elementor-element-5c01978 e-flex e-con-boxed e-con e-child\" data-id=\"5c01978\" data-element_type=\"container\">\n\t\t\t\t\t<div class=\"e-con-inner\">\n\t\t\t\t<div class=\"elementor-element elementor-element-a5707da elementor-widget elementor-widget-image\" data-id=\"a5707da\" data-element_type=\"widget\" data-widget_type=\"image.default\">\n\t\t\t\t\t\t\t\t\t\t\t\t\t\t\t<img decoding=\"async\" width=\"1024\" height=\"602\" src=\"https:\/\/trepid.ee\/wp-content\/uploads\/2024\/01\/Box6-1024x602.jpg\" class=\"attachment-large size-large wp-image-2668\" alt=\"\" srcset=\"https:\/\/trepid.ee\/wp-content\/uploads\/2024\/01\/Box6-1024x602.jpg 1024w, https:\/\/trepid.ee\/wp-content\/uploads\/2024\/01\/Box6-300x176.jpg 300w, https:\/\/trepid.ee\/wp-content\/uploads\/2024\/01\/Box6-768x452.jpg 768w, https:\/\/trepid.ee\/wp-content\/uploads\/2024\/01\/Box6-1536x903.jpg 1536w, https:\/\/trepid.ee\/wp-content\/uploads\/2024\/01\/Box6.jpg 1600w\" sizes=\"(max-width: 1024px) 100vw, 1024px\" \/>\t\t\t\t\t\t\t\t\t\t\t\t\t\t\t<\/div>\n\t\t\t\t<div class=\"elementor-element elementor-element-a3b0de5 elementor-widget elementor-widget-text-editor\" data-id=\"a3b0de5\" data-element_type=\"widget\" data-widget_type=\"text-editor.default\">\n\t\t\t\t\t\t\t\t\t<a href=\"https:\/\/trepid.ee\/wp-content\/uploads\/2024\/01\/Box6-Hinnapakkumine-EESTI_Leiunurka.pdf\" class=\"pdfemb-viewer\" style=\"\" data-width=\"max\" data-height=\"max\" data-toolbar=\"bottom\" data-toolbar-fixed=\"off\">Box5-Quote EESTI_Leiunurka<\/a>\t\t\t\t\t\t\t\t<\/div>\n\t\t\t\t\t<\/div>\n\t\t\t\t<\/div>\n\t\t\t\t\t<\/div>\n\t\t\t\t<\/div>\n\t\t<div class=\"elementor-element elementor-element-63a1ce1 e-flex e-con-boxed e-con e-child\" data-id=\"63a1ce1\" data-element_type=\"container\">\n\t\t\t\t\t<div class=\"e-con-inner\">\n\t\t<div class=\"elementor-element elementor-element-dd91276 e-flex e-con-boxed e-con e-child\" data-id=\"dd91276\" data-element_type=\"container\">\n\t\t\t\t\t<div class=\"e-con-inner\">\n\t\t\t\t<div class=\"elementor-element elementor-element-03eb616 elementor-widget elementor-widget-image\" data-id=\"03eb616\" data-element_type=\"widget\" data-widget_type=\"image.default\">\n\t\t\t\t\t\t\t\t\t\t\t\t\t\t\t<img decoding=\"async\" width=\"1024\" height=\"602\" src=\"https:\/\/trepid.ee\/wp-content\/uploads\/2024\/01\/Box7-1024x602.jpg\" class=\"attachment-large size-large wp-image-2671\" alt=\"\" srcset=\"https:\/\/trepid.ee\/wp-content\/uploads\/2024\/01\/Box7-1024x602.jpg 1024w, https:\/\/trepid.ee\/wp-content\/uploads\/2024\/01\/Box7-300x176.jpg 300w, https:\/\/trepid.ee\/wp-content\/uploads\/2024\/01\/Box7-768x452.jpg 768w, https:\/\/trepid.ee\/wp-content\/uploads\/2024\/01\/Box7-1536x903.jpg 1536w, https:\/\/trepid.ee\/wp-content\/uploads\/2024\/01\/Box7.jpg 1600w\" sizes=\"(max-width: 1024px) 100vw, 1024px\" \/>\t\t\t\t\t\t\t\t\t\t\t\t\t\t\t<\/div>\n\t\t\t\t<div class=\"elementor-element elementor-element-2b9fedc elementor-widget elementor-widget-text-editor\" data-id=\"2b9fedc\" data-element_type=\"widget\" data-widget_type=\"text-editor.default\">\n\t\t\t\t\t\t\t\t\t<a href=\"https:\/\/trepid.ee\/wp-content\/uploads\/2024\/01\/Box7-Hinnapakkumine-EESTI_Leiunurka.pdf\" class=\"pdfemb-viewer\" style=\"\" data-width=\"max\" data-height=\"max\" data-toolbar=\"bottom\" data-toolbar-fixed=\"off\">Box5-Quote EESTI_Leiunurka<\/a>\t\t\t\t\t\t\t\t<\/div>\n\t\t\t\t\t<\/div>\n\t\t\t\t<\/div>\n\t\t<div class=\"elementor-element elementor-element-57830fd e-flex e-con-boxed e-con e-child\" data-id=\"57830fd\" data-element_type=\"container\">\n\t\t\t\t\t<div class=\"e-con-inner\">\n\t\t\t\t<div class=\"elementor-element elementor-element-098a8cd elementor-widget elementor-widget-image\" data-id=\"098a8cd\" data-element_type=\"widget\" data-widget_type=\"image.default\">\n\t\t\t\t\t\t\t\t\t\t\t\t\t\t\t<img loading=\"lazy\" decoding=\"async\" width=\"1024\" height=\"602\" src=\"https:\/\/trepid.ee\/wp-content\/uploads\/2024\/01\/Box8-1024x602.jpg\" class=\"attachment-large size-large wp-image-2674\" alt=\"\" srcset=\"https:\/\/trepid.ee\/wp-content\/uploads\/2024\/01\/Box8-1024x602.jpg 1024w, https:\/\/trepid.ee\/wp-content\/uploads\/2024\/01\/Box8-300x176.jpg 300w, https:\/\/trepid.ee\/wp-content\/uploads\/2024\/01\/Box8-768x452.jpg 768w, https:\/\/trepid.ee\/wp-content\/uploads\/2024\/01\/Box8-1536x903.jpg 1536w, https:\/\/trepid.ee\/wp-content\/uploads\/2024\/01\/Box8.jpg 1600w\" sizes=\"(max-width: 1024px) 100vw, 1024px\" \/>\t\t\t\t\t\t\t\t\t\t\t\t\t\t\t<\/div>\n\t\t\t\t<div class=\"elementor-element elementor-element-c367798 elementor-widget elementor-widget-text-editor\" data-id=\"c367798\" data-element_type=\"widget\" data-widget_type=\"text-editor.default\">\n\t\t\t\t\t\t\t\t\t<a href=\"https:\/\/trepid.ee\/wp-content\/uploads\/2024\/01\/Box8-Hinnapakkumine-EESTI_Leiunurka.pdf\" class=\"pdfemb-viewer\" style=\"\" data-width=\"max\" data-height=\"max\" data-toolbar=\"bottom\" data-toolbar-fixed=\"off\">Box5-Quote EESTI_Leiunurka<\/a>\t\t\t\t\t\t\t\t<\/div>\n\t\t\t\t\t<\/div>\n\t\t\t\t<\/div>\n\t\t\t\t\t<\/div>\n\t\t\t\t<\/div>\n\t\t\t\t\t<\/div>\n\t\t\t\t<\/div>\n\t\t\t\t<\/div>\n\t\t","protected":false},"excerpt":{"rendered":"<p>Hittad p\u00e5 Trappor med den angivna formen och dimensionerna finns tillg\u00e4ngliga i lager.<\/p>\n","protected":false},"author":6,"featured_media":0,"parent":0,"menu_order":0,"comment_status":"closed","ping_status":"closed","template":"","meta":{"site-sidebar-layout":"no-sidebar","site-content-layout":"page-builder","ast-site-content-layout":"full-width-container","site-content-style":"unboxed","site-sidebar-style":"unboxed","ast-global-header-display":"","ast-banner-title-visibility":"","ast-main-header-display":"","ast-hfb-above-header-display":"","ast-hfb-below-header-display":"","ast-hfb-mobile-header-display":"","site-post-title":"disabled","ast-breadcrumbs-content":"","ast-featured-img":"disabled","footer-sml-layout":"","theme-transparent-header-meta":"disabled","adv-header-id-meta":"","stick-header-meta":"default","header-above-stick-meta":"","header-main-stick-meta":"","header-below-stick-meta":"","astra-migrate-meta-layouts":"default","ast-page-background-enabled":"default","ast-page-background-meta":{"desktop":{"background-color":"","background-image":"","background-repeat":"repeat","background-position":"center center","background-size":"auto","background-attachment":"scroll","background-type":"","background-media":"","overlay-type":"","overlay-color":"","overlay-opacity":"","overlay-gradient":""},"tablet":{"background-color":"","background-image":"","background-repeat":"repeat","background-position":"center center","background-size":"auto","background-attachment":"scroll","background-type":"","background-media":"","overlay-type":"","overlay-color":"","overlay-opacity":"","overlay-gradient":""},"mobile":{"background-color":"","background-image":"","background-repeat":"repeat","background-position":"center center","background-size":"auto","background-attachment":"scroll","background-type":"","background-media":"","overlay-type":"","overlay-color":"","overlay-opacity":"","overlay-gradient":""}},"ast-content-background-meta":{"desktop":{"background-color":"var(--ast-global-color-5)","background-image":"","background-repeat":"repeat","background-position":"center center","background-size":"auto","background-attachment":"scroll","background-type":"","background-media":"","overlay-type":"","overlay-color":"","overlay-opacity":"","overlay-gradient":""},"tablet":{"background-color":"var(--ast-global-color-5)","background-image":"","background-repeat":"repeat","background-position":"center center","background-size":"auto","background-attachment":"scroll","background-type":"","background-media":"","overlay-type":"","overlay-color":"","overlay-opacity":"","overlay-gradient":""},"mobile":{"background-color":"var(--ast-global-color-5)","background-image":"","background-repeat":"repeat","background-position":"center center","background-size":"auto","background-attachment":"scroll","background-type":"","background-media":"","overlay-type":"","overlay-color":"","overlay-opacity":"","overlay-gradient":""}},"footnotes":""},"class_list":["post-2746","page","type-page","status-publish","hentry"],"yoast_head":"<!-- This site is optimized with the Yoast SEO plugin v25.7 - https:\/\/yoast.com\/wordpress\/plugins\/seo\/ -->\n<title>Hittad p\u00e5 | Trepitehas<\/title>\n<meta name=\"description\" content=\"Utforska v\u00e5rt sortiment &quot;Hitta en trappa&quot;, d\u00e4r f\u00e4rdiga trappmodeller finns tillg\u00e4ngliga f\u00f6r omedelbart k\u00f6p. Titta p\u00e5 v\u00e5rt urval och hitta r\u00e4tt klassisk eller modern trappa f\u00f6r ditt hem. Vi erbjuder en snabb och exakt l\u00f6sning f\u00f6r att f\u00e5 en kvalitetstrappa direkt till ditt hem.\" \/>\n<meta name=\"robots\" content=\"index, follow, max-snippet:-1, max-image-preview:large, max-video-preview:-1\" \/>\n<link rel=\"canonical\" href=\"https:\/\/trepid.ee\/sv\/hittad-pa\/\" \/>\n<meta property=\"og:locale\" content=\"sv_SE\" \/>\n<meta property=\"og:type\" content=\"article\" \/>\n<meta property=\"og:title\" content=\"Hittad p\u00e5 | Trepitehas\" \/>\n<meta property=\"og:description\" content=\"Utforska v\u00e5rt sortiment &quot;Hitta en trappa&quot;, d\u00e4r f\u00e4rdiga trappmodeller finns tillg\u00e4ngliga f\u00f6r omedelbart k\u00f6p. Titta p\u00e5 v\u00e5rt urval och hitta r\u00e4tt klassisk eller modern trappa f\u00f6r ditt hem. Vi erbjuder en snabb och exakt l\u00f6sning f\u00f6r att f\u00e5 en kvalitetstrappa direkt till ditt hem.\" \/>\n<meta property=\"og:url\" content=\"https:\/\/trepid.ee\/sv\/hittad-pa\/\" \/>\n<meta property=\"og:site_name\" content=\"Trepitehas\" \/>\n<meta property=\"article:modified_time\" content=\"2025-03-17T08:13:42+00:00\" \/>\n<meta property=\"og:image\" content=\"https:\/\/trepid.ee\/wp-content\/uploads\/2024\/01\/Box5.jpg\" \/>\n\t<meta property=\"og:image:width\" content=\"1600\" \/>\n\t<meta property=\"og:image:height\" content=\"941\" \/>\n\t<meta property=\"og:image:type\" content=\"image\/jpeg\" \/>\n<meta name=\"twitter:card\" content=\"summary_large_image\" \/>\n<script type=\"application\/ld+json\" class=\"yoast-schema-graph\">{\"@context\":\"https:\/\/schema.org\",\"@graph\":[{\"@type\":\"WebPage\",\"@id\":\"https:\/\/trepid.ee\/sv\/hittad-pa\/\",\"url\":\"https:\/\/trepid.ee\/sv\/hittad-pa\/\",\"name\":\"Hittad p\u00e5 | Trepitehas\",\"isPartOf\":{\"@id\":\"https:\/\/trepid.ee\/sv\/#website\"},\"primaryImageOfPage\":{\"@id\":\"https:\/\/trepid.ee\/sv\/hittad-pa\/#primaryimage\"},\"image\":{\"@id\":\"https:\/\/trepid.ee\/sv\/hittad-pa\/#primaryimage\"},\"thumbnailUrl\":\"https:\/\/trepid.ee\/wp-content\/uploads\/2024\/01\/Box5-1024x602.jpg\",\"datePublished\":\"2024-01-22T10:00:59+00:00\",\"dateModified\":\"2025-03-17T08:13:42+00:00\",\"description\":\"Utforska v\u00e5rt sortiment \\\"Hitta en trappa\\\", d\u00e4r f\u00e4rdiga trappmodeller finns tillg\u00e4ngliga f\u00f6r omedelbart k\u00f6p. Titta p\u00e5 v\u00e5rt urval och hitta r\u00e4tt klassisk eller modern trappa f\u00f6r ditt hem. Vi erbjuder en snabb och exakt l\u00f6sning f\u00f6r att f\u00e5 en kvalitetstrappa direkt till ditt hem.\",\"breadcrumb\":{\"@id\":\"https:\/\/trepid.ee\/sv\/hittad-pa\/#breadcrumb\"},\"inLanguage\":\"sv-SE\",\"potentialAction\":[{\"@type\":\"ReadAction\",\"target\":[\"https:\/\/trepid.ee\/sv\/hittad-pa\/\"]}]},{\"@type\":\"ImageObject\",\"inLanguage\":\"sv-SE\",\"@id\":\"https:\/\/trepid.ee\/sv\/hittad-pa\/#primaryimage\",\"url\":\"https:\/\/trepid.ee\/wp-content\/uploads\/2024\/01\/Box5-1024x602.jpg\",\"contentUrl\":\"https:\/\/trepid.ee\/wp-content\/uploads\/2024\/01\/Box5-1024x602.jpg\"},{\"@type\":\"BreadcrumbList\",\"@id\":\"https:\/\/trepid.ee\/sv\/hittad-pa\/#breadcrumb\",\"itemListElement\":[{\"@type\":\"ListItem\",\"position\":1,\"name\":\"Home\",\"item\":\"https:\/\/trepid.ee\/sv\/\"},{\"@type\":\"ListItem\",\"position\":2,\"name\":\"Hittad p\u00e5\"}]},{\"@type\":\"WebSite\",\"@id\":\"https:\/\/trepid.ee\/sv\/#website\",\"url\":\"https:\/\/trepid.ee\/sv\/\",\"name\":\"Trepitehas\",\"description\":\"\",\"publisher\":{\"@id\":\"https:\/\/trepid.ee\/sv\/#organization\"},\"potentialAction\":[{\"@type\":\"SearchAction\",\"target\":{\"@type\":\"EntryPoint\",\"urlTemplate\":\"https:\/\/trepid.ee\/sv\/?s={search_term_string}\"},\"query-input\":{\"@type\":\"PropertyValueSpecification\",\"valueRequired\":true,\"valueName\":\"search_term_string\"}}],\"inLanguage\":\"sv-SE\"},{\"@type\":\"Organization\",\"@id\":\"https:\/\/trepid.ee\/sv\/#organization\",\"name\":\"Trepitehas\",\"url\":\"https:\/\/trepid.ee\/sv\/\",\"logo\":{\"@type\":\"ImageObject\",\"inLanguage\":\"sv-SE\",\"@id\":\"https:\/\/trepid.ee\/sv\/#\/schema\/logo\/image\/\",\"url\":\"https:\/\/trepid.ee\/wp-content\/uploads\/2024\/11\/cropped-Trepid-logo-e1730666694126.png\",\"contentUrl\":\"https:\/\/trepid.ee\/wp-content\/uploads\/2024\/11\/cropped-Trepid-logo-e1730666694126.png\",\"width\":1663,\"height\":393,\"caption\":\"Trepitehas\"},\"image\":{\"@id\":\"https:\/\/trepid.ee\/sv\/#\/schema\/logo\/image\/\"}}]}<\/script>\n<!-- \/ Yoast SEO plugin. -->","yoast_head_json":{"title":"Hittad p\u00e5 | Trepitehas","description":"Utforska v\u00e5rt sortiment \"Hitta en trappa\", d\u00e4r f\u00e4rdiga trappmodeller finns tillg\u00e4ngliga f\u00f6r omedelbart k\u00f6p. Titta p\u00e5 v\u00e5rt urval och hitta r\u00e4tt klassisk eller modern trappa f\u00f6r ditt hem. Vi erbjuder en snabb och exakt l\u00f6sning f\u00f6r att f\u00e5 en kvalitetstrappa direkt till ditt hem.","robots":{"index":"index","follow":"follow","max-snippet":"max-snippet:-1","max-image-preview":"max-image-preview:large","max-video-preview":"max-video-preview:-1"},"canonical":"https:\/\/trepid.ee\/sv\/hittad-pa\/","og_locale":"sv_SE","og_type":"article","og_title":"Hittad p\u00e5 | Trepitehas","og_description":"Utforska v\u00e5rt sortiment \"Hitta en trappa\", d\u00e4r f\u00e4rdiga trappmodeller finns tillg\u00e4ngliga f\u00f6r omedelbart k\u00f6p. Titta p\u00e5 v\u00e5rt urval och hitta r\u00e4tt klassisk eller modern trappa f\u00f6r ditt hem. Vi erbjuder en snabb och exakt l\u00f6sning f\u00f6r att f\u00e5 en kvalitetstrappa direkt till ditt hem.","og_url":"https:\/\/trepid.ee\/sv\/hittad-pa\/","og_site_name":"Trepitehas","article_modified_time":"2025-03-17T08:13:42+00:00","og_image":[{"width":1600,"height":941,"url":"https:\/\/trepid.ee\/wp-content\/uploads\/2024\/01\/Box5.jpg","type":"image\/jpeg"}],"twitter_card":"summary_large_image","schema":{"@context":"https:\/\/schema.org","@graph":[{"@type":"WebPage","@id":"https:\/\/trepid.ee\/sv\/hittad-pa\/","url":"https:\/\/trepid.ee\/sv\/hittad-pa\/","name":"Hittad p\u00e5 | Trepitehas","isPartOf":{"@id":"https:\/\/trepid.ee\/sv\/#website"},"primaryImageOfPage":{"@id":"https:\/\/trepid.ee\/sv\/hittad-pa\/#primaryimage"},"image":{"@id":"https:\/\/trepid.ee\/sv\/hittad-pa\/#primaryimage"},"thumbnailUrl":"https:\/\/trepid.ee\/wp-content\/uploads\/2024\/01\/Box5-1024x602.jpg","datePublished":"2024-01-22T10:00:59+00:00","dateModified":"2025-03-17T08:13:42+00:00","description":"Utforska v\u00e5rt sortiment \"Hitta en trappa\", d\u00e4r f\u00e4rdiga trappmodeller finns tillg\u00e4ngliga f\u00f6r omedelbart k\u00f6p. Titta p\u00e5 v\u00e5rt urval och hitta r\u00e4tt klassisk eller modern trappa f\u00f6r ditt hem. Vi erbjuder en snabb och exakt l\u00f6sning f\u00f6r att f\u00e5 en kvalitetstrappa direkt till ditt hem.","breadcrumb":{"@id":"https:\/\/trepid.ee\/sv\/hittad-pa\/#breadcrumb"},"inLanguage":"sv-SE","potentialAction":[{"@type":"ReadAction","target":["https:\/\/trepid.ee\/sv\/hittad-pa\/"]}]},{"@type":"ImageObject","inLanguage":"sv-SE","@id":"https:\/\/trepid.ee\/sv\/hittad-pa\/#primaryimage","url":"https:\/\/trepid.ee\/wp-content\/uploads\/2024\/01\/Box5-1024x602.jpg","contentUrl":"https:\/\/trepid.ee\/wp-content\/uploads\/2024\/01\/Box5-1024x602.jpg"},{"@type":"BreadcrumbList","@id":"https:\/\/trepid.ee\/sv\/hittad-pa\/#breadcrumb","itemListElement":[{"@type":"ListItem","position":1,"name":"Home","item":"https:\/\/trepid.ee\/sv\/"},{"@type":"ListItem","position":2,"name":"Hittad p\u00e5"}]},{"@type":"WebSite","@id":"https:\/\/trepid.ee\/sv\/#website","url":"https:\/\/trepid.ee\/sv\/","name":"Trepitehas","description":"","publisher":{"@id":"https:\/\/trepid.ee\/sv\/#organization"},"potentialAction":[{"@type":"SearchAction","target":{"@type":"EntryPoint","urlTemplate":"https:\/\/trepid.ee\/sv\/?s={search_term_string}"},"query-input":{"@type":"PropertyValueSpecification","valueRequired":true,"valueName":"search_term_string"}}],"inLanguage":"sv-SE"},{"@type":"Organization","@id":"https:\/\/trepid.ee\/sv\/#organization","name":"Trepitehas","url":"https:\/\/trepid.ee\/sv\/","logo":{"@type":"ImageObject","inLanguage":"sv-SE","@id":"https:\/\/trepid.ee\/sv\/#\/schema\/logo\/image\/","url":"https:\/\/trepid.ee\/wp-content\/uploads\/2024\/11\/cropped-Trepid-logo-e1730666694126.png","contentUrl":"https:\/\/trepid.ee\/wp-content\/uploads\/2024\/11\/cropped-Trepid-logo-e1730666694126.png","width":1663,"height":393,"caption":"Trepitehas"},"image":{"@id":"https:\/\/trepid.ee\/sv\/#\/schema\/logo\/image\/"}}]}},"_links":{"self":[{"href":"https:\/\/trepid.ee\/sv\/wp-json\/wp\/v2\/pages\/2746","targetHints":{"allow":["GET"]}}],"collection":[{"href":"https:\/\/trepid.ee\/sv\/wp-json\/wp\/v2\/pages"}],"about":[{"href":"https:\/\/trepid.ee\/sv\/wp-json\/wp\/v2\/types\/page"}],"author":[{"embeddable":true,"href":"https:\/\/trepid.ee\/sv\/wp-json\/wp\/v2\/users\/6"}],"replies":[{"embeddable":true,"href":"https:\/\/trepid.ee\/sv\/wp-json\/wp\/v2\/comments?post=2746"}],"version-history":[{"count":2,"href":"https:\/\/trepid.ee\/sv\/wp-json\/wp\/v2\/pages\/2746\/revisions"}],"predecessor-version":[{"id":3686,"href":"https:\/\/trepid.ee\/sv\/wp-json\/wp\/v2\/pages\/2746\/revisions\/3686"}],"wp:attachment":[{"href":"https:\/\/trepid.ee\/sv\/wp-json\/wp\/v2\/media?parent=2746"}],"curies":[{"name":"wp","href":"https:\/\/api.w.org\/{rel}","templated":true}]}}